{"id":18,"date":"2017-10-14T15:04:53","date_gmt":"2017-10-14T13:04:53","guid":{"rendered":"http:\/\/www.arthouse39.de\/wprojekte\/buch\/?page_id=18"},"modified":"2023-06-28T18:36:57","modified_gmt":"2023-06-28T16:36:57","slug":"7-portale-signaturen","status":"publish","type":"page","link":"https:\/\/www.arthouse39.de\/7portale\/7-portale-signaturen\/","title":{"rendered":"7 Portale \/ Signaturen"},"content":{"rendered":"<p>7 Portale Signaturen helfen Dir auf einer transformativen Reise zur besten Version Deiner selbst und Deines Lebens zu kommen. Basierend u. a. auf der Signaturenlehre nach Paracelsus, \u00fcber Naturforschung, Symbolik, Schriftgeschichte, Formensprache alter Kulturen, Mythen, Wissenschaften\/Alchemie, Quantenphysik, Hypnose, Epigenetik, Synergetik, Geomantik\/Vastu, Philosophie, Religionen, Br\u00e4uche, M\u00e4rchen, Schriften von Psychologen wie z. B. C. G. Jung, &#8230;, entstanden Gem\u00e4lde, Texte \/ ein Buch, diese Webseite und ein Kartenset sowie eine Canvasanwendung\/7 Portale Signaturen Konfigurator ist in Arbeit \u2735<\/p>\n<h2>7 Portale Signaturen \u2735 AlceMy Art \u2735 Das Buch<\/h2>\n<figure id=\"attachment_533\" aria-describedby=\"caption-attachment-533\" style=\"width: 187px\" class=\"wp-caption alignright\"><a href=\"https:\/\/www.arthouse39.de\/7portale\/wp-content\/uploads\/2018\/05\/cover_7portul-k.jpg\"><img decoding=\"async\" loading=\"lazy\" class=\"wp-image-533 size-medium\" src=\"https:\/\/www.arthouse39.de\/7portale\/wp-content\/uploads\/2018\/05\/cover_7portul-k-187x300.jpg\" alt=\"7 Portale Signaturen | Sieben Portale zum Ursprung der Liebe\" width=\"187\" height=\"300\" srcset=\"https:\/\/www.arthouse39.de\/7portale\/wp-content\/uploads\/2018\/05\/cover_7portul-k-187x300.jpg 187w, https:\/\/www.arthouse39.de\/7portale\/wp-content\/uploads\/2018\/05\/cover_7portul-k.jpg 374w\" sizes=\"(max-width: 187px) 100vw, 187px\" \/><\/a><figcaption id=\"caption-attachment-533\" class=\"wp-caption-text\">7 Portale Signaturen | Buch: Sieben Portale zum Ursprung der Liebe<\/figcaption><\/figure>\n<p>Im Buch &#8222;<strong>Sieben Portale zum Ursprung der Liebe<\/strong>&#8220; gehen wir mit den beiden Protagonisten Alya und Khymrou auf eine abenteuerliche und in gewisser Weise initiatorische, <strong>mental-alchemistische<\/strong> Reise durch <strong>sieben Portale<\/strong>. Jedes Portal f\u00fchrt sie in die Sph\u00e4re jeweils einer universalen<strong> Signatur<\/strong> und l\u00e4sst sie deren Welt erfahren. Da die Signaturen sozusagen u. a. unser eigenes inneres Universum bzw. bestimmte Anteile wiederspiegeln, finden die Protagonisten auch einiges \u00fcber sich selbst heraus. Wenn man Muster erkennt, kann man sie umgestalten oder aufl\u00f6sen und sch\u00f6nere kreieren.<br \/>\nZiel ist dabei u. a. dass alle eigenen Signaturen und die damit verbundenen seelischen, mentalen und letztlich menschlichen Angelegenheiten, Probleme &#8230; in Harmonie gebracht werden. Sind diese in Harmonie und <strong>erl\u00f6st<\/strong>, wie man sagt, ist der Mensch in seiner Mitte, bewusst, stark, gesund in jeder Hinsicht und kann seine Potentiale entfalten.<br \/>\nUnd wie im Buch angedeutet wird, sind diese Potentiale sehr viel gr\u00f6\u00dfer, als man gemeinhin glaubt. Werden sie doch gen\u00e4hrt aus Jahrtausende alten Kulturen, neu zu entdeckendem und wieder zu erinnerndem Wissen in ganzheitlichen Zusammenh\u00e4ngen, die nicht selten verbl\u00fcffen.<\/p>\n<p>Die beiden jedenfalls brauchen dies dringend, denn nur so werden sie in die Lage versetzt, die Prophezeiung zu verstehen oder zumindest zu erahnen.\u00a0 Sie entwickeln sich, um ad\u00e4quat handeln zu k\u00f6nnen. Das ist wiederum sowohl f\u00fcr das eigene, als auch f\u00fcr das Wohl der Menschheit und dieses Planeten &#8222;Not-wendig&#8220;. Denn gewisse M\u00e4chte werden immer bedrohlicher.\u00b9<\/p>\n<p>Dazu k\u00f6nnen sie die zur jeweiligen Signatur geh\u00f6rigen Dinge und Themen nutzen, denn diese st\u00e4rken sie, wenn ein Manko besteht, z.B. zu wenig Selbstbehauptung (Mars- und Sonnensignatur). Andererseits kann auch ein &#8222;Zuviel&#8220; einer Signatur, z.B.\u00a0<span style=\"font-size: 1rem;\">\u00a0<\/span><span style=\"font-size: 1rem;\">Entz\u00fcndungen &#8211; um beim Mars-Signatur-Thema zu bleiben -, abgemildert werden.<\/span><\/p>\n<p>Damit ist auch gleich die Frage beantwortet, ob man durch seine Geburtsherrscher-Signatur\/en f\u00fcr immer gepr\u00e4gt ist oder ob dies beeinflusst werden kann.<br \/>\nEs kann, wenn man wei\u00df wie.<br \/>\nDie Helden der Geschichte lernen dies teils bewusst von einer Hypnotiseurin, teils intuitiv.<\/p>\n<p>Das Wissen darum ist einfach interessant und wertvoll f\u00fcr die Selbsterkenntnis, die seit ewigen Zeiten eines der gro\u00dfen Ziele des Menschen ist.<\/p>\n<blockquote><p>&#8222;Erkenne Dich selbst&#8220;,<\/p><\/blockquote>\n<p>steht am ber\u00fchmten Apollo Orakeltempel in Delfi.<\/p>\n<p>Und im Tarot:<\/p>\n<blockquote><p>&#8222;Selbsterkenntnis ist das h\u00f6chste Ziel.&#8220;<\/p><\/blockquote>\n<h3>Was sind Geburtsherrscher \u2735 7 Portale Signaturen?<\/h3>\n<p>In vielen alchimistischen Werken ist von der pr\u00e4genden &#8222;formbildenden&#8220; Wirkung der Planeten die Rede, die st\u00e4rker als die der Sternbilder ist. Der Planet, der das eigene Sternbild zum Zeitpunkt der Geburt, am Geburtsort pr\u00e4gt, also in dessen Bereich steht, ist der Geburtsherrscher. Ist Saturn nah an der Grenze, pr\u00e4gt er mit, da seine Frequenzen recht dominant wirken.<\/p>\n<h4>Geburtsherrscher \/ 7 Portale Signaturen pr\u00e4gen uns und unsere Energie sowie Heilmittel<\/h4>\n<p>Wir werden zum Zeitpunkt unserer Geburt durch unsere (von Paracelsus) so genannten Geburtsherrscher gepr\u00e4gt. 7 Portale Signaturen werden im Kunstprojekt jeweils durch Bild und Sprache intuitiv erfassbar, auch bevor man die wissenschaftlichen Hintergr\u00fcnde kennt. Denn unser Unterbewusstsein, das ca. 90% der k\u00f6rperlichen Vorg\u00e4nge, aber auch der emotionalen Reaktionen steuert, denkt und reagiert prim\u00e4r und unmittelbar auf Bilder, Symbole und Gleichnisse\/Archetypen.<\/p>\n<p>Man hat erforscht, dass sich w\u00e4hrend der Geburt der ma\u00dfgebliche Teil der menschlichen Synapsen schlie\u00dft. Da der menschliche K\u00f6rper als Mikrokosmos in starker Resonanz mit dem ihn umgebenden Makrokosmos steht, wirken diese makrokosmischen Frequenzen, insbesondere die der Planeten <em>bildend<\/em> mit ein.<\/p>\n<p>Wir wissen heutzutage, dass letztlich alles Energie ist. Materie, auch unser K\u00f6rper, ist im Grunde verdichtete Energie.<\/p>\n<blockquote><p>&#8222;Wenn du die Geheimnisse des Universums finden willst,<br \/>\ndann denke in Form von Energie, Frequenz und Schwingung.&#8220;<\/p><\/blockquote>\n<p>Nikola Tesla<\/p>\n<p>Woher bestimmte Menschen dies vor Tausenden von Jahren schon wussten ist ein R\u00e4tsel, jedenfalls hatten sie Recht, wie sich bis heute bewahrheit.<\/p>\n<p>Wenn Menschen ihren Geburtsherrscher erfahren, mit den dazu geh\u00f6rigen Dingen wie Lieblingsfarben, Lieblingsbesch\u00e4ftigungen, Edelsteine, Pflanzen und B\u00e4ume, Heilmethoden und -Kr\u00e4uter, Verhalten und Vorlieben allgemein, die zugeh\u00f6rigen Schutzengel, Legenden und Mythen &#8230; sind sie oft erstaunt, wie gut dies passt.<br \/>\nDas bedeutet, sie haben ihre Pr\u00e4gung erkannt und gelebt, haben also auch eine gute Intuition entwickeln k\u00f6nnen und d\u00fcrfen. Denn durch &#8222;Erziehung&#8220; kollektive Vorurteile und soziale Umst\u00e4nde, Traumata und dergleichen k\u00f6nnen diese Dinge, die das Kind im Inneren von Geburt an wei\u00df, unterdr\u00fcckt und verbildet werden. Werden Geburtsherrscher-Signaturen bek\u00e4mpft und unterdr\u00fcckt, zeigen sie ihre unerl\u00f6ste Seite und das kann sehr unangenehm werden, nicht nur f\u00fcr den Betreffenden selbst. Die 7 Portale Signaturen m\u00f6chten helfen, diverse (Er)L\u00f6sungen zu finden.<\/p>\n<p><strong>Kann man die Signatur selbst ermitteln?<\/strong><\/p>\n<p>Mit einem guten Astronomieprogramm kann man den eigenen Geburtsherrscher ermitteln (lassen). Es sind die Planeten bzw. der Planet, der zum Zeitpunkt der Geburt am Geburtsort im Geburts-Sternzeichen steht.<\/p>\n<p>Steht keiner dort, sollte man sich schleunigst den n\u00e4chsten suchen und diesen bewusst f\u00fcr sich &#8222;w\u00e4hlen&#8220;, vor allem den Schutzengel, und sich mit den zugeh\u00f6rigen Dingen st\u00e4rken, denn Menschen ohne Geburtsherrscher haben manchmal ein k\u00fcnstlich verk\u00fcrztes Leben, so z.B. Lady Diana, John Lennon, Jimmy Hendrix, Bruce Lee, Marylin Monroe, Anne Frank &#8230;\u00b9<br \/>\n\u00b9<span class=\"qu\">Quelle: Dr. Michaela Dane: Die Heilgeheimnisse des Paracelsus, Verlag Allegria, 2008, S. 216)<\/span><\/p>\n<p>Update: Erstaunlicherweise sind seit Erscheinen meines Buches immer wieder Ereignisse und Parallelen aufgetreten, die beim Schreiben erzielt werden sollten. So beispielsweise das Steigern des Bewusstseins f\u00fcr unseren wundersch\u00f6nen Planeten und dessen &#8222;Gesundheit&#8220;. Diese Gesundheit beeinflusst wiederum direkt und indirekt unsere eigene. Das gesteigerte Bewusstsein hat sich nun endlich einen Ausdruck in der &#8222;Friday for future&#8220; Bewegung gebahnt. Wie lange habe ich auf so etwas gewartet. (Selbst habe ich nat\u00fcrlich l\u00e4ngst alles mir M\u00f6gliche im eigenen Leben und Umfeld umgesetzt.) Doch die gro\u00dfe, offizielle Bewegung f\u00fcr die Umwelt und das Klima bzw. das umweltfreundliche Bewusstsein UND Handeln jedes Einzelnen w\u00e4re vor 20 Jahren schon notwendig gewesen. 7 Portale Signaturen m\u00f6chte auch dazu inspirieren \ud83d\ude09<\/p>\n<p>Update: Nach und nach werden bestimmte Ph\u00e4nomene, die bisher als &#8222;esoterisch&#8220;, magisch oder &#8222;astrologisch&#8220; bezeichnet werden von der Quantenphysik oder anderen Wissenschaftszweigen wie der Astronomie in Verbindung mit Biochemie best\u00e4tigt.<\/p>\n<p>Beispiel: Wissenschaftler\u00a0 vom Institut f\u00fcr Geophysik der Eidgen\u00f6ssischen Technischen Hochschule (ETH) Z\u00fcrich <span style=\"font-size: 1rem;\">um Jos\u00e9 Abreu <\/span><span style=\"font-size: 1rem;\">und J\u00fcrg Beer von der Eawag <\/span><span style=\"font-size: 1rem;\">haben gemeinsam mit Kollegen aus Spanien und Australien die Zyklen der Sonnenmagnetfelder f\u00fcr die letzten 10.000 Jahre verglichen. Sehr erstaunt waren sie \u00fcber die Tatsache, dass das Drehmoment der Planeten offensichtlich einen erheblichen Einfluss auf das Magnetfeld Sonne aus\u00fcbt. Insbesondere\u00a0 besteht ein signifikanter Zusammenhang mit den langfristigen Zyklen der Sonnenaktivit\u00e4t, die wiederum deren Magnetfeld und somit die Gravitationskraft innerhalb unseres Universums beeinflussen. Auch die so genannte dunkle Materie steht in engem Zusammenhang damit. Deren Einfluss wird derzeit intensiv erforscht, die Daten lassen Zusammenh\u00e4nge auf biologische Lebensformen auf der Erde erkennen.<\/span><\/p>\n<p><span style=\"font-size: 1rem;\">Dass der Mondzyklus einen Einfluss auf die Sonnenaktivit\u00e4t und deren Auswirkung auf Erden hat, wurde schon aufgrund der zeitlichen Synchronizit\u00e4t (periodisch alle 11 Jahre) vermutet. Nun lieferten die gewonnenen Daten \u00fcber einen erfassten Zeitraum von ca. 10000 Jahren die Erkenntnis das: [&#8230;]\u201cDie beobachteten und bereits bekannten Perioden von 88, 104, 150, 208 und 506 Jahren stimmen w\u00e4hrend der letzten 10.000 Jahre genau mit den periodischen \u00c4nderungen des Drehmoments \u00fcberein, das die Planeten auf eine d\u00fcnne Schicht im Innern der Sonne aus\u00fcben\u201d [&#8230;] (Quelle:https:\/\/www.grenzwissenschaft-aktuell.de\/astrologie-2-0-physiker-diskutieren-medizinische-aus-wirkungen-von-planetenkonstellationen20181127\/) Diese Schicht, als Tachoklyne bezeichnet, hat ma\u00dfgeblichen Einfluss auf das Magnetfeld der Sonne.<\/span><\/p>\n<p>Der Physiker Prof. Konstantin Zioutas von der Universit\u00e4t Patras hat mit seinen Kollegen weitergehend diese Daten mit medizinischen Daten verglichen und festgestellt, dass beispielsweise die Zunahme von Melanomen in einem ebenfalls signifikanten Zusammenhang damit steht, unabh\u00e4ngig von der konkret gesendeten Sonnenstrahlung w\u00e4hrend Sommerzeiten. Sie stellten fest: <span style=\"font-size: 1rem;\"> [&#8230;]<\/span>&#8222;(A) eine Modulation, die sich alle \u223c 4Wochen <span style=\"font-size: 1rem;\">wiederholt<\/span><span style=\"font-size: 1rem;\">; (B) eine Zeitabh\u00e4ngigkeit, die sich auch auf die geozentrische Orbitalposition des Mondes bezieht, w\u00e4hrend sie nicht zur gleichzeitig gemessenen Sonnenaktivit\u00e4t passt; und (C) eine Modulationsperiodizit\u00e4t, die auffallend mit der Sternperiodizit\u00e4t des Mondes von 27,3 Tagen \u00fcbereinstimmt, die auf entfernte Sterne und nicht auf die Sonne festgelegt ist. Diese Ergebnisse zeigen, dass die damit verbundene Ursache exo-solaren Ursprungs sein muss und nicht nur aufgrund einer stetigen solaren UV-Exposition.&#8220; [&#8230;] Quelle: https:\/\/www.worldscientific.com\/doi\/abs\/10.1142\/S1793048020500083)<\/span><\/p>\n<p>Die Wissenschaftler stellten ebenso einen besonderen Zusammenhang der Melanome zum Umlauf des Planeten Merkur mit einer Umlaufzeitperiode um die Sonne von ca. 88 Tagen fest:<\/p>\n<p>Quellenangabe siehe: <a href=\"https:\/\/arxiv.org\/abs\/1809.02555\" target=\"_blank\" rel=\"noopener\">Arxiv.org <\/a><\/p>\n<h2>signaturen<\/h2>\n<ul class=\"loop\">\n<li><a href=\"https:\/\/www.arthouse39.de\/7portale\/grosse-konjunktion-leitet-meist-epochale-veraenderungen-ein\/\" rel=\"bookmark\">\n  Die Prophezeiung bewahrheitet sich. Corona, 5G &#8230; Gro\u00dfe Konjunktion leitete epochale Ver\u00e4nderungen ein<\/a><\/li>\n<li><a href=\"https:\/\/www.arthouse39.de\/7portale\/geniale-co2-transformation-als-aktuelles-bsp-fuer-eine-analogie-zum-saturn-jupiter-mythos\/\" rel=\"bookmark\">\n  Geniale CO2 Transformation als aktuelles Bsp. f\u00fcr eine Analogie zum Saturn-Jupiter-Mythos:<\/a><\/li>\n<li><a href=\"https:\/\/www.arthouse39.de\/7portale\/respekt-vor-der-natur-%e2%80%a2-greta-thunberg-zeigt-es-allen\/\" rel=\"bookmark\">\n  Respekt vor der Natur \u2022 Greta Thunberg zeigt es allen<\/a><\/li>\n<li><a href=\"https:\/\/www.arthouse39.de\/7portale\/wunder-der-lebenskraft\/\" rel=\"bookmark\">\n  &#8222;Wunder der Lebenskraft&#8220;<\/a><\/li>\n<li><a href=\"https:\/\/www.arthouse39.de\/7portale\/geheimnisvolle-ueberraschungen-im-prager-loreto\/\" rel=\"bookmark\">\n   <img width=\"140\" height=\"140\" src=\"https:\/\/www.arthouse39.de\/7portale\/wp-content\/uploads\/2018\/11\/Monstranz-Jungfrau-12-Sterne-Mond-150x150.jpg\" class=\"img-circle wp-post-image\" alt=\"140x140\" decoding=\"async\" loading=\"lazy\" srcset=\"https:\/\/www.arthouse39.de\/7portale\/wp-content\/uploads\/2018\/11\/Monstranz-Jungfrau-12-Sterne-Mond-150x150.jpg 150w, https:\/\/www.arthouse39.de\/7portale\/wp-content\/uploads\/2018\/11\/Monstranz-Jungfrau-12-Sterne-Mond-100x100.jpg 100w\" sizes=\"(max-width: 767px) 89vw, (max-width: 1000px) 54vw, (max-width: 1071px) 543px, 580px\" \/>Geheimnisvolle \u00dcberraschungen im Prager Loreto<\/a><\/li>\n<li><a href=\"https:\/\/www.arthouse39.de\/7portale\/fontaine-des-amours_symbol-ursprung-der-liebe\/\" rel=\"bookmark\">\n   <img width=\"140\" height=\"140\" src=\"https:\/\/www.arthouse39.de\/7portale\/wp-content\/uploads\/2018\/06\/la-Fontaine-des-Amours-150x150.jpg\" class=\"img-circle wp-post-image\" alt=\"140x140\" decoding=\"async\" loading=\"lazy\" srcset=\"https:\/\/www.arthouse39.de\/7portale\/wp-content\/uploads\/2018\/06\/la-Fontaine-des-Amours-150x150.jpg 150w, https:\/\/www.arthouse39.de\/7portale\/wp-content\/uploads\/2018\/06\/la-Fontaine-des-Amours-100x100.jpg 100w\" sizes=\"(max-width: 767px) 89vw, (max-width: 1000px) 54vw, (max-width: 1071px) 543px, 580px\" \/>Fontaine des Amours &#8211; lebendiges Symbol f\u00fcr &#8222;Ursprung der Liebe&#8220;<\/a><\/li>\n<li><a href=\"https:\/\/www.arthouse39.de\/7portale\/seltene-signaturen-harmonie-von-meghan-markle-und-prinz-harry\/\" rel=\"bookmark\">\n   <img width=\"140\" height=\"140\" src=\"https:\/\/www.arthouse39.de\/7portale\/wp-content\/uploads\/2018\/06\/venus_plk-150x150.jpg\" class=\"img-circle wp-post-image\" alt=\"140x140\" decoding=\"async\" loading=\"lazy\" srcset=\"https:\/\/www.arthouse39.de\/7portale\/wp-content\/uploads\/2018\/06\/venus_plk-150x150.jpg 150w, https:\/\/www.arthouse39.de\/7portale\/wp-content\/uploads\/2018\/06\/venus_plk-100x100.jpg 100w\" sizes=\"(max-width: 767px) 89vw, (max-width: 1000px) 54vw, (max-width: 1071px) 543px, 580px\" \/>Seltene Signaturen Harmonie von Meghan Markle und Prinz Harry<\/a><\/li>\n<li><a href=\"https:\/\/www.arthouse39.de\/7portale\/seltener-siebenstern-auf-templerkreuz\/\" rel=\"bookmark\">\n   <img width=\"140\" height=\"140\" src=\"https:\/\/www.arthouse39.de\/7portale\/wp-content\/uploads\/2018\/05\/siebenstern-templerkreuz-150x150.jpg\" class=\"img-circle wp-post-image\" alt=\"140x140\" decoding=\"async\" loading=\"lazy\" srcset=\"https:\/\/www.arthouse39.de\/7portale\/wp-content\/uploads\/2018\/05\/siebenstern-templerkreuz-150x150.jpg 150w, https:\/\/www.arthouse39.de\/7portale\/wp-content\/uploads\/2018\/05\/siebenstern-templerkreuz-100x100.jpg 100w\" sizes=\"(max-width: 767px) 89vw, (max-width: 1000px) 54vw, (max-width: 1071px) 543px, 580px\" \/>Seltener Siebenstern auf Templerkreuz<\/a><\/li>\n<li><a href=\"https:\/\/www.arthouse39.de\/7portale\/das-lamm-und-der-halbmond-oder-fulminante-allegorie-fuers-sonnenportal\/\" rel=\"bookmark\">\n   <img width=\"140\" height=\"140\" src=\"https:\/\/www.arthouse39.de\/7portale\/wp-content\/uploads\/2018\/01\/lamm_halbmond-n-150x150.jpg\" class=\"img-circle wp-post-image\" alt=\"140x140\" decoding=\"async\" loading=\"lazy\" srcset=\"https:\/\/www.arthouse39.de\/7portale\/wp-content\/uploads\/2018\/01\/lamm_halbmond-n-150x150.jpg 150w, https:\/\/www.arthouse39.de\/7portale\/wp-content\/uploads\/2018\/01\/lamm_halbmond-n-100x100.jpg 100w\" sizes=\"(max-width: 767px) 89vw, (max-width: 1000px) 54vw, (max-width: 1071px) 543px, 580px\" \/>Das Lamm und der Halbmond oder fulminante Allegorie f\u00fcrs Sonnenportal<\/a><\/li>\n<li><a href=\"https:\/\/www.arthouse39.de\/7portale\/geheimnisvolle-ornamente\/\" rel=\"bookmark\">\n   <img width=\"140\" height=\"140\" src=\"https:\/\/www.arthouse39.de\/7portale\/wp-content\/uploads\/2018\/01\/kirche-symbole-rennes-le-chateau-150x150.jpg\" class=\"img-circle wp-post-image\" alt=\"140x140\" decoding=\"async\" loading=\"lazy\" srcset=\"https:\/\/www.arthouse39.de\/7portale\/wp-content\/uploads\/2018\/01\/kirche-symbole-rennes-le-chateau-150x150.jpg 150w, https:\/\/www.arthouse39.de\/7portale\/wp-content\/uploads\/2018\/01\/kirche-symbole-rennes-le-chateau-100x100.jpg 100w\" sizes=\"(max-width: 767px) 89vw, (max-width: 1000px) 54vw, (max-width: 1071px) 543px, 580px\" \/>Geheimnisvolle Ornamente<\/a><\/li>\n<\/ul>\n\n","protected":false},"excerpt":{"rendered":"<p>7 Portale Signaturen helfen Dir auf einer transformativen Reise zur besten Version Deiner selbst und Deines Lebens zu kommen. Basierend u. a. auf der Signaturenlehre nach Paracelsus, \u00fcber Naturforschung, Symbolik, Schriftgeschichte, Formensprache alter Kulturen, Mythen, Wissenschaften\/Alchemie, Quantenphysik, Hypnose, Epigenetik, Synergetik, Geomantik\/Vastu, Philosophie, Religionen, Br\u00e4uche, M\u00e4rchen, Schriften von Psychologen wie z. B. C. G. Jung, &#8230;, &hellip; <\/p>\n<p class=\"link-more\"><a href=\"https:\/\/www.arthouse39.de\/7portale\/geheimnisvolle-ornamente\/\" class=\"more-link\"><span class=\"screen-reader-text\">\u201eGeheimnisvolle Ornamente\u201c<\/span> weiterlesen<\/a><\/p>\n","protected":false},"author":1,"featured_media":0,"parent":0,"menu_order":0,"comment_status":"closed","ping_status":"closed","template":"","meta":[],"_links":{"self":[{"href":"https:\/\/www.arthouse39.de\/7portale\/wp-json\/wp\/v2\/pages\/18"}],"collection":[{"href":"https:\/\/www.arthouse39.de\/7portale\/wp-json\/wp\/v2\/pages"}],"about":[{"href":"https:\/\/www.arthouse39.de\/7portale\/wp-json\/wp\/v2\/types\/page"}],"author":[{"embeddable":true,"href":"https:\/\/www.arthouse39.de\/7portale\/wp-json\/wp\/v2\/users\/1"}],"replies":[{"embeddable":true,"href":"https:\/\/www.arthouse39.de\/7portale\/wp-json\/wp\/v2\/comments?post=18"}],"version-history":[{"count":35,"href":"https:\/\/www.arthouse39.de\/7portale\/wp-json\/wp\/v2\/pages\/18\/revisions"}],"predecessor-version":[{"id":1035,"href":"https:\/\/www.arthouse39.de\/7portale\/wp-json\/wp\/v2\/pages\/18\/revisions\/1035"}],"wp:attachment":[{"href":"https:\/\/www.arthouse39.de\/7portale\/wp-json\/wp\/v2\/media?parent=18"}],"curies":[{"name":"wp","href":"https:\/\/api.w.org\/{rel}","templated":true}]}}