{"id":21,"date":"2017-10-14T15:04:53","date_gmt":"2017-10-14T13:04:53","guid":{"rendered":"http:\/\/www.arthouse39.de\/wprojekte\/buch\/?page_id=21"},"modified":"2017-11-20T11:12:53","modified_gmt":"2017-11-20T10:12:53","slug":"prophezeiung","status":"publish","type":"page","link":"https:\/\/www.arthouse39.de\/7portale\/prophezeiung\/","title":{"rendered":"Prophezeiung"},"content":{"rendered":"<p>Hier wird der Inhalt der eingangs erw\u00e4hnten Offenbarung 12 des Johannes wieder gegeben, der in wichtigen Teilen so mit dem Manuskript zu &#8222;Sieben Portale zum Ursprung der Liebe&#8220; korrespondiert.<\/p>\n<h2>Offenbarung 12<\/h2>\n<h3>Die Frau und der Drache<\/h3>\n<p>Offb 12,1 Dann erschien ein gro\u00dfes Zeichen am Himmel: eine Frau, mit der Sonne bekleidet; der Mond war unter ihren F\u00fc\u00dfen und ein Kranz von zw\u00f6lf Sternen auf ihrem Haupt.<br \/>\nOffb 12,2 Sie war schwanger und schrie vor Schmerz in ihren Geburtswehen.<br \/>\nOffb 12,3 Ein anderes Zeichen erschien am Himmel: ein Drache, gro\u00df und feuerrot, mit sieben K\u00f6pfen und zehn H\u00f6rnern und mit sieben Diademen auf seinen K\u00f6pfen.<br \/>\nOffb 12,4 Sein Schwanz fegte ein Drittel der Sterne vom Himmel und warf sie auf die Erde herab. Der Drache stand vor der Frau, die geb\u00e4ren sollte; er wollte ihr Kind verschlingen, sobald es geboren war.<br \/>\nOffb 12,5 Und sie gebar ein Kind, einen Sohn, der \u00fcber alle V\u00f6lker mit eisernem Zepter herrschen wird. Und ihr Kind wurde zu Gott und zu seinem Thron entr\u00fcckt.<br \/>\nOffb 12,6 Die Frau aber floh in die W\u00fcste, wo Gott ihr einen Zufluchtsort geschaffen hatte; dort wird man sie mit Nahrung versorgen, zw\u00f6lfhundertsechzig Tage lang.<\/p>\n<h3>.<br \/>\nDer Sturz des Drachen<\/h3>\n<p>Offb 12,7 Da entbrannte im Himmel ein Kampf; Michael und seine Engel erhoben sich, um mit dem Drachen zu k\u00e4mpfen. Der Drache und seine Engel k\u00e4mpften,<br \/>\nOffb 12,8 aber sie konnten sich nicht halten und sie verloren ihren Platz im Himmel.<br \/>\nOffb 12,9 Er wurde gest\u00fcrzt, der gro\u00dfe Drache, die alte Schlange, die Teufel oder Satan hei\u00dft und die ganze Welt verf\u00fchrt; der Drache wurde auf die Erde gest\u00fcrzt und mit ihm wurden seine Engel hinabgeworfen.<br \/>\nOffb 12,10 Da h\u00f6rte ich eine laute Stimme im Himmel rufen: Jetzt ist er da, der rettende Sieg, \/ die Macht und die Herrschaft unseres Gottes \/ und die Vollmacht seines Gesalbten; denn gest\u00fcrzt wurde der Ankl\u00e4ger unserer Br\u00fcder, der sie bei Tag und bei Nacht vor unserem Gott verklagte.<br \/>\nOffb 12,11 Sie haben ihn besiegt durch das Blut des Lammes \/ und durch ihr Wort und Zeugnis; sie hielten ihr Leben nicht fest, \/ bis hinein in den Tod.<\/p>\n<p>Erg\u00e4nzend zu obigen Punkt 12,5 und der im Buch eingeschriebenen<\/p>\n<h2>\u00a0Thronschemelverse des Korans:<\/h2>\n<p>\u201eAllah, es gibt keinen Gott au\u00dfer Ihm, dem ewig Lebendigen, dem durch sich selbst Best\u00e4ndigen. Weder Schlaf noch Schlummer \u00fcberkommt ihn. Ihm geh\u00f6rt, was in den Himmeln und was auf der Erde ist. Wer k\u00f6nnte F\u00fcrsprache bei ihm einlegen, es sei denn mit seiner Erlaubnis? Er wei\u00df, was vor und hinter ihnen ist; sie jedoch begreifen nichts von seinem Wissen, au\u00dfer dessen, das Er will. Sein Thron reicht weit \u00fcber die Himmel und die Erde, und es ist Ihm ein Leichtes sie zu bewahren. Er ist der Erhabene, der Allm\u00e4chtige.<br \/>\nEs soll kein Zwang sein im Glauben. Gewiss, Wahrheit ist nunmehr deutlich unterscheidbar von Irrtum. [&#8230;]\u201c<\/p>\n<h3>Psalm 110:1<\/h3>\n<p>110 Der Ausspruch Jehovas an meinen Herrn* ist:<br \/>\n\u201eSetze dich zu meiner Rechten,<br \/>\nBis ich deine Feinde als Schemel f\u00fcr deine F\u00fc\u00dfe hinlege.\u201c<br \/>\n(erg\u00e4nzend zu 12:5)<br \/>\n(Mit den Schemeln sind die Gottes Thrones gemeint)<\/p>\n<p>&nbsp;<\/p>\n<p>Und erg\u00e4nzend:<\/p>\n<h3>Epheser 1:10<\/h3>\n<p>10 f\u00fcr eine Verwaltung an der Grenze der F\u00fclle der bestimmten Zeiten, n\u00e4mlich in dem Christus wieder alle Dinge zusammenzubringen, die Dinge in den Himmeln und die Dinge auf der Erde. [Ja,] in ihm,<\/p>\n<h3>Matth\u00e4us\u00a024:30<\/h3>\n<p>30\u00a0\u00a0Und dann wird das Zeichen des Menschensohnes\u00a0im Himmel erscheinen, und dann werden sich alle St\u00e4mme der Erde wehklagend schlagen,<\/p>\n<h4>Diese in der Off. 12 beschriebene Konstellation am Himmel<\/h4>\n<p>entspricht der im September 2017 tags auftretenden Konstellation: das Sternbild Jungfrau befindet sich zwischen Sonne und Mond &#8211; sie steht also auf dem Mond und im Bereich ihres Unterleibes befindet sich Jupiter, der mit seinen 12 Hauptmonden Jesus mit seinen \u00a0Aposteln entspricht. Die in der Offenbarung erw\u00e4hnte Krone wird gebildet durch das Sternzeichen L\u00f6we, in dem zu seinen 9 Sternen sich die Planeten Merkur, Venus und Mars aufhalten und somit die 12 Strahlen der Krone ergeben, die oberhalb der Jungfrau \u00a0wie eine Krone oder Aureole stehen. Diese Konstellation ist auch im Cover des Buches zu sehen.<\/p>\n<p>Des Weiteren gibt es zuvor ein Himmelsereignis, das der finsteren Zeit vor einer neuen \u00c4ra entspricht: eine totale Sonnenfinsternis, die allerdings nur \u00fcber Nordamerika in der Form zu sehen sein wird.<\/p>\n<p>Geschichtliche Analysen ergaben, dass solche Sonnenfinsternisse immer mit einem pr\u00e4gnanten Ereignis und einer neuen Epoche einhergehen, was auch im Buch erw\u00e4hnt wird.<\/p>\n<h3>Anmerkungen \/ Reflektierungen zur Offenbarung 12 Johannes<\/h3>\n<p>Ohne Zweifel ist die kosmische Konstellation etwas au\u00dferordentlich Besonderes. Nicht umsonst wird sie in der Offenbarung relativ genau beschrieben, sodass man sie nachvollziehen kann, was die Anordnung der Sterne und Planeten betrifft. Wenn man zur\u00fcck rechnet zu ihrem vorigen Erscheinen, also ca. 7000 Jahre, kommt man in die neolithische Epoche, in der noch mehr matriarchalisch und friedlich gelebt wurde. Die mysteri\u00f6sen neolithischen Anlagen, ber\u00fchmtestes Beispiel ist wohl Stonehenge, sind auf der ganzen Welt zu finden und derzeit wieder im allgemeinen und speziell steigenden Interesse, was sicher kein Zufall ist. Im Buch wird einiges dazu dargelegt.<\/p>\n<p>K\u00f6nnte die in der Offb. 12, 3 erw\u00e4hnte 17, die sich aus\u00a0\u00a0&#8222;zehn H\u00f6rnern und mit sieben Diademen&#8220; auf des Dr<span style=\"font-size: 1rem;\">a<\/span><span style=\"font-size: 1rem;\">chen Haupt ergibt, ein Hinweis auf das Jahr 2017 sein?\u00a0<\/span><\/p>\n<p>Und wer ist dieses Jahr auf der weltpolitischen B\u00fchne mit weithin grellgelb hervorstechendem Haupt erschienen?<\/p>\n<p>Spa\u00df beiseite, da g\u00e4be es ohnehin noch einige andere Anw\u00e4rter auf des Drachen 7 H\u00e4upter.<\/p>\n<p>Zu Zeiten des gro\u00dfen r\u00f6mischen Reiches respektive danach, wurde auch die Kirche Roms mit den sieben K\u00f6pfen des Drachen assoziiert, denn Rom liegt auf sieben H\u00fcgeln. Diejenigen Oberh\u00e4upter und Amtstr\u00e4ger dieser Institution, die chronisch dement ob \u00a0der Botschaft Gottes, ihren machtgierigen eigenen \u00a0Interessen\u00a0<span style=\"font-size: 1rem;\">skrupellos<\/span><span style=\"font-size: 1rem;\">\u00a0folgten, hatten jene Assoziation erzeugt.<\/span><\/p>\n<p>Jedoch so, wie am 21. 12. 2012 die Erde <em>nicht<\/em> unterging, entgegen allen Unkenrufen selbsternannter Seher, geschieht &#8222;die Apokalypse&#8220; nicht exakt am 23. 09. 2017. Abgesehen davon, dass die Vokabel Apokalypse nicht Weltuntergang, sondern (griechisch: \u1f00\u03c0\u03bf\u03ba\u03ac\u03bb\u03c5\u03c8\u03b9\u03c2 )\u201eEnth\u00fcllung\u201c, w\u00f6rtlich \u201eEntschleierung\u201c bedeutet, war der 21. 12. 2012 \u00a0das Ende der Zeitrechnung\/ des ber\u00fchmten Kalenders der Majas und somit der Beginn einer neuen Zeitrechnung. Genauso zeigt die besondere Konstellation am 23. 09. 2017 den \u00dcbergang zu einer neuen \u00c4ra an, die sich schon einige Zeit durch Paradigmenwechsel, aber leider auch durch klimatische und andere Extreme zeigt. Einen gro\u00dfen Teil der Katastrophen haben die Menschen selbst zu verantworten und es liegt an uns, in welche Richtung wir die Entwicklungen auf verschiedenen Gebieten betreiben. Jeder Einzelne kann einen individuellen Beitrag dazu leisten, denn schon rein energetisch und im allt\u00e4glichen Umgang miteinander bewirkt jeder zu jeder Z<span style=\"font-size: 1rem;\">e<\/span><span style=\"font-size: 1rem;\">it etwas, so oder so.<\/span><\/p>\n<p>Was den Inhalt der Offenbarung 12 Johannes betrifft, gibt es viele Spekulationen; einige im Netz befindliche meinen, es ginge haupts\u00e4chlich um das Volk Israels, was meiner Meinung nach nur einen Teil dessen ausmacht. Da Jesus die k\u00f6nigliche Linie des Hauses Israel von K\u00f6nig David, K\u00f6nig Salomon &#8211; um die ber\u00fchmtesten daraus zu nennen &#8211; weiterf\u00fchrt, \u00a0trifft dies zu und man kann sich diesbez\u00fcglich Weiteres denken &#8230;<\/p>\n<p>Allerdings ist Jesus als Prophet, ebenso wie seine Mutter Maria und Maria Magdalena und alle anderen gro\u00dfen Propheten wie Mohamed &#8230;, nicht auf ein Volk zu reduzieren, sondern spirituelles und geistiges Licht sowie Inspiration f\u00fcr alle.<\/p>\n<p>Und wird es nicht h\u00f6chste Zeit, dass Themen wie Religion, Glaube, Spiritualit\u00e4t, Esoterik, \u00a0Signaturen,\u00a0<span style=\"font-size: 1rem;\">Kulturen,\u00a0<\/span><span style=\"font-size: 1rem;\">&#8230; \u00a0mit all ihren unterschiedlichen\u00a0<\/span><span style=\"font-size: 1rem;\">\u00a0und daher gerade\u00a0<\/span><span style=\"font-size: 1rem;\">interessanten<\/span><span style=\"font-size: 1rem;\">\u00a0<\/span><span style=\"font-size: 1rem;\">Facetten als das rehabilitiert werden, als was sie gedacht waren: als Vielfalt, Bereicherung und Segen?<\/span><\/p>\n<p><span style=\"font-size: 1rem;\">Wird es nicht au\u00dferdem h\u00f6chste Zeit, das Weibliche, &#8222;Mondische&#8220;, &#8222;F\u00fcrsorgliche&#8220;, &#8222;Gef\u00fchlte&#8220; als genauso wichtig zu begreifen und zu achten wie das Rationale, &#8222;M\u00e4nnliche&#8220; oder wie beides, aber auf den K\u00f6rper reduzierte? K\u00f6nnen wir die gefl\u00fcchtete Jungfrau\/Mutter aus dem Exil holen?<\/span><\/p>\n<p>Denn H<span style=\"font-size: 1rem;\">a<\/span><span style=\"font-size: 1rem;\">nd aufs Herz, trotz Emanzipation ist da noch immer einiges nicht in erf\u00fcllender Harmonie.<\/span><\/p>\n<p>Da kann ein Besinnen auf jene Botschaft der Propheten, die insbesondere bei Jesus&#8216;, vor allem &#8222;LIEBE&#8220; lautete, doch ein sehr guter Wegweiser und Inspiration f\u00fcr die neue \u00c4ra sein. Ein Nenner, der tats\u00e4chlich ein gemeinsamer jeder wahren Religion ist.<\/p>\n<p>Als ich die Recherchen \u00a0begann, besch\u00e4ftigte ich mich mit den Sch\u00f6pfungsmythen und u. a. mit der Mondsymbolik, was mich auch zur Offenbarung des Johannes f\u00fchrt<span style=\"font-size: 1rem;\">e<\/span><span style=\"font-size: 1rem;\">, wobei ich eine Randnotiz machte:\u00a0<em>Die auf dem Mond stehende, mit 12 Sternen umkr\u00e4nzte Frau ist nicht nur mit der Mutter Marias, sondern vor allem mit Maria Magdalena zu assoziieren (siehe auch <a href=\"https:\/\/www.arthouse39.de\/7portale\/symbole-tamgas\/#mond\">Mondymbolik<\/a>)<\/em><\/span><em style=\"font-size: 1rem;\">.<\/em><\/p>\n<p>&nbsp;<\/p>\n","protected":false},"excerpt":{"rendered":"<p>Hier wird der Inhalt der eingangs erw\u00e4hnten Offenbarung 12 des Johannes wieder gegeben, der in wichtigen Teilen so mit dem Manuskript zu &#8222;Sieben Portale zum Ursprung der Liebe&#8220; korrespondiert. Offenbarung 12 Die Frau und der Drache Offb 12,1 Dann erschien ein gro\u00dfes Zeichen am Himmel: eine Frau, mit der Sonne bekleidet; der Mond war unter &hellip; <\/p>\n<p class=\"link-more\"><a href=\"https:\/\/www.arthouse39.de\/7portale\/prophezeiung\/\" class=\"more-link\"><span class=\"screen-reader-text\">\u201eProphezeiung\u201c<\/span> weiterlesen<\/a><\/p>\n","protected":false},"author":1,"featured_media":0,"parent":0,"menu_order":0,"comment_status":"closed","ping_status":"closed","template":"","meta":[],"_links":{"self":[{"href":"https:\/\/www.arthouse39.de\/7portale\/wp-json\/wp\/v2\/pages\/21"}],"collection":[{"href":"https:\/\/www.arthouse39.de\/7portale\/wp-json\/wp\/v2\/pages"}],"about":[{"href":"https:\/\/www.arthouse39.de\/7portale\/wp-json\/wp\/v2\/types\/page"}],"author":[{"embeddable":true,"href":"https:\/\/www.arthouse39.de\/7portale\/wp-json\/wp\/v2\/users\/1"}],"replies":[{"embeddable":true,"href":"https:\/\/www.arthouse39.de\/7portale\/wp-json\/wp\/v2\/comments?post=21"}],"version-history":[{"count":3,"href":"https:\/\/www.arthouse39.de\/7portale\/wp-json\/wp\/v2\/pages\/21\/revisions"}],"predecessor-version":[{"id":338,"href":"https:\/\/www.arthouse39.de\/7portale\/wp-json\/wp\/v2\/pages\/21\/revisions\/338"}],"wp:attachment":[{"href":"https:\/\/www.arthouse39.de\/7portale\/wp-json\/wp\/v2\/media?parent=21"}],"curies":[{"name":"wp","href":"https:\/\/api.w.org\/{rel}","templated":true}]}}