{"id":764,"date":"2019-03-16T13:38:14","date_gmt":"2019-03-16T12:38:14","guid":{"rendered":"https:\/\/www.arthouse39.de\/7portale\/?page_id=764"},"modified":"2019-03-16T13:50:36","modified_gmt":"2019-03-16T12:50:36","slug":"kosmische-signaturen-fachtext","status":"publish","type":"page","link":"https:\/\/www.arthouse39.de\/7portale\/7-portale-signaturen\/kosmische-signaturen-fachtext\/","title":{"rendered":"Kosmische Signaturen | Fachtext"},"content":{"rendered":"<h2>Kosmische Signaturen f\u00fcr die Seele<\/h2>\n<p>Nun verf\u00fcgen wir als aufgekl\u00e4rte Menschen des 21. Jh. \u00fcber Bildung und Informationsm\u00f6glichkeiten, von denen man in vergangenen Jahrhunderten als Nichthochwohlgeborener nur zu tr\u00e4umen wagte; doch wenn es darauf ankommt, versuchen wir verzweifelt durch die feinen, wachsenden Risse jenes Betons zu schauen, den gewisse Herrscher, Inquisition und die so genannte Aufkl\u00e4rung \u00fcber essentielles Wissen der gro\u00dfen Philosophen, Weisen, Heiler und Alchimisten gossen. Entdecken wir doch durch jene Risse teils wahre Wunder in Sachen mentaler, \u00bbmagischer\u00ab, F\u00e4higkeiten, Erleuchtung und Heilung. Paracelsus beispielsweise wurde trotz seines bekannterma\u00dfen bissig-sarkastischen Humors und polarisiertem Rufs regelm\u00e4\u00dfig hinter schwere Vorh\u00e4nge adliger und k\u00f6niglicher Gem\u00e4cher beordert, da sein Erfolg legend\u00e4r war.<\/p>\n<p>Intuition und ahnungsvolle Spurensuche lassen diese Risse immer gr\u00f6\u00dfer werden und wir staunen, dass die moderne Quantenphysik und Weltraumtechnik zunehmend jenes \u00bbalte\u00ab Wissen so gut interpretiert und beweist. Woher bittesch\u00f6n konnten Alchemisten vor Hunderten von Jahren wissen, dass viele Synapsen im Gehirn eines F\u00f6tus sich w\u00e4hrend des Geburtsvorganges schlie\u00dfen respektive zumindest, dass die Energien des Geburtsherrschers, also des\/der Planeten, die zum Zeitpunkt der Geburt im aktuellen Sternbild stehen, so pr\u00e4gend mit einflie\u00dfen? Wie konnten sie wissen, dass man ohne Geburtsherrscher u. U. gef\u00e4hrlicher lebt, wie z. B. das vorzeitige Ableben von Lady Di und Dody Al-Fayed trauriger Weise zeigt? Oder woher wussten sie, dass das Sechseck sowie die Zahl 6 mit Saturn korrespondiert? Die mysteri\u00f6se sechseckige Struktur \u00fcber dem Nordpol des Ringplaneten, aufgrund von Verwirbelungen immenser Energien, konnten Menschen erstmals durch Aufnahmen der Sonde Cassini sehen. Alchemisten wussten auch, dass die Kristallisierung und somit die Materialisierung, aber auch die Erstarrung eine saturnische Signatur realisiert, welche im Menschen den Knochen und Knorpeln, Haut, Haaren sowie der Muskulatur, also allem Festen, Begrenzenden entspricht. Wasser kann zehn verschiedene Kristallstrukturen annehmen, doch nur die hexagonale, die wir als Eiskristalle kennen, ist stabil und formt sich zu glitzernden, konsequent sechseckigen Schneeflocken.<\/p>\n<p>Weniger begeistert sind Menschen freilich, wenn die inwendigen S\u00e4fte Erstarrungen, also Verklumpungen oder Kristalle entwickeln. Aber da schaltete der wissende Medicus\/Alchimist sein ganzheitliches Signaturenwissen sowie dementsprechend hergestelltes (saturnales) Heilmittel ein, das allerdings nur ein Teil der Therapie war, und bald l\u00f6ste sich der Spuk in Wohlgefallen auf. Hielt der Klient sich an die Anweisungen, die nicht nur die Ern\u00e4hrung, Beachtung der Planeten(bewegungen) und k\u00f6rperliche Bet\u00e4tigung, sondern auch die seelische und mentale\/spirituelle Einstellung und Arbeit betraf, konnte das auch so bleiben.<br \/>\nDa wir in einer Zeit der Paradigmenwechsel leben, ist das Thema \u00bbErstarrungen aufl\u00f6sen\u00ab in jeder Hinsicht sehr aktuell, wobei es nat\u00fcrlich nicht nur darum geht, verloren gegangene Wissenssch\u00e4tze wieder zu sammeln, \u00fcbrigens auch ganz Saturnsignatur, mit neuen Informationen und Forschungsergebnissen zu kombinieren und mit holistischer Denkart zu reflektieren (Merkur, Mond), sondern mit marsischer Initiative und m\u00f6glichst jovischem Erfolg (Jupiter) das Ganze auch umzusetzen. Dass wir dabei achtsam, kreativ und liebevoll vorgehen, lehrt die \u00bbalte\u00ab Weisheit an sich; denn jede Transformation in Richtung (Er-)L\u00f6sung \/ Erleuchtung (Sonnensignatur) beginnt und vollzieht sich idealerweise mit Venus bzw. dieser venusischen Energie, vervollkommnet durch lunare Kraft.<\/p>\n<h3>Wie gelingt uns diese achtsame Transformation?<\/h3>\n<p>Um zun\u00e4chst einmal wenigstens in die Signaturenlehre einzusteigen, muss man nicht unbedingt meterweise Buchregale mit alten alchemistischen Schriften studieren; zumal diese ohnehin meist verschl\u00fcsselt geschrieben wurden, da die mittelalterliche Kirche sie als ketzerisch einstufte. Selbst der Besitz eines solchen Buches konnte im Mittelalter ein Ticket in die (un)heiligen Hallen der Inquisition sein. Heute gibt es wieder Literatur dazu, sodass man wenigstens die grundlegenden Zuordnungen in Erfahrung bringen kann.<br \/>\nDas Sch\u00f6ne ist dabei, dass wir unsere Intuition und Sinne befragen k\u00f6nnen, wie es auch Paracelsus lehrte. Gem\u00e4\u00df dem Grundsatz: Gleiches mit Gleichem, der heutzutage meist aus der Hom\u00f6opathie bekannt ist, wobei Hahnemann ebenfalls aus der Signaturenlehre sch\u00f6pfte, k\u00f6nnen wir mit allen Sinnen erkennen oder erahnen, was in Flora, Fauna und Mineralien zu welcher Signatur geh\u00f6rt.<br \/>\nSo kann man unschwer dem mit Feuereifer k\u00e4mpfenden Mars jene, ebenfalls gut ger\u00fcsteten Kreationen der Sch\u00f6pfung zuordnen, die beispielsweise mit Stacheln oder langen, spitzen Z\u00e4hnen bewaffnet sind und mit rot bzw. auff\u00e4llig leuchtenden Farbt\u00f6nen und Mustern oder scharfem Geschmack ihre Wehrhaftigkeit signalisieren. Wenn diese noch dazu schnell, spontan und mutig oder aggressiv und un\u00fcberlegt vorgehen, wie beim ber\u00fchmt\/ber\u00fcchtigten Stierkampf \u2013 wobei das Un\u00fcberlegte nicht nur auf den beh\u00f6rnten Teilnehmer zutrifft \u2013 haben wir Mars pur, bei Letzteren allerdings den unerl\u00f6sten.<\/p>\n<p>F\u00fcr Probleme und Krankheiten gilt dies alles nat\u00fcrlich ad\u00e4quat. Selbstverst\u00e4ndlich ist das Thema sehr viel komplexer, da gibt es multiple Pers\u00f6nlichkeiten in der Natur, die m\u00fchelos mehreren Signaturen dienen. Dann gibt es unter den Signaturen Freunde und solche, die nicht so miteinander k\u00f6nnen \u2026 und die Interaktion von Planetensignatur und Sternzeichen. Interessant ist dabei, dass der Planet eine st\u00e4rkere Wirkung als das Sternbild hat, wie man den alten Schriften, z.B. dem legend\u00e4ren Picatrix, entnehmen kann. Das best\u00e4tigt sich oft in der Reaktion, wenn Menschen ihren Geburtsherrscher erfahren. Erstaunt stellt man fest, dass die Lieblingsfarbe und der Stil in Kleidung, Accessoires, Schmuck und Interieur, lukullische Vorlieben und Lieblingstiere sowie Lieblingspflanzen, aber auch Aversionen und bestimmte Verhaltensweisen der Planetensignatur entsprechen. Vorausgesetzt, man hat diese von Geburt an vorhandene Intuition nicht aberzogen bekommen oder unterdr\u00fcckt sie selbst durch Konventionen und Moden oder gar Traumata, st\u00e4rkt man sich damit. Wobei man nat\u00fcrlich die unerl\u00f6sten Seiten der Signatur durchaus als \u00bbHausaufgabe\u00ab mitbekommt, die man \u00bb(er-)l\u00f6sen\u00ab muss, was mit Unterdr\u00fcckung jedoch nicht funktioniert.<\/p>\n<h4>Unterbewusste Alchemie?<\/h4>\n<p>Da bekanntlich das Unterbewusstsein ca. 90 % der inneren k\u00f6rperlichen und teils auch der au\u00dferhalb stattfindenden Vorg\u00e4nge beeinflusst, lag es nahe, zu \u00fcberlegen, wie man dies mit der so einflussreichen Signaturenlehre in Zusammenhang bringt. Denn:<\/p>\n<p>\u00bbMind -ebenso gut wie Metalle und Elemente- kann von Zustand zu Zustand umgewandelt werden, von Grad zu Grad, von Beschaffenheit zu Beschaffenheit; von Pol zu Pol; von Schwingung zu Schwingung.<br \/>\nWahre hermetische Transmutation ist eine mentale Kunst.\u00ab<br \/>\nDas Kybalion, hermetische Gesetze<\/p>\n<p>Aus der Hypnose wissen wir, dass das Unterbewusstsein \u2013 unser inneres Kind \u2013 prim\u00e4r in Bildern denkt und M\u00e4rchen, Mythen und Geschichten liebt, von denen wir viele gespeichert haben. Dies kann man also als Ressource nutzen, wenn man wei\u00df, welche zu dieser oder jener Signatur geh\u00f6rt. So begann eine spannende Reise durch unsere Kulturen und deren Legenden, Formensprache, Historie und Ph\u00e4nomene, die noch nach einer Erkl\u00e4rung suchen. Beispielsweise warum es so frappierende \u00c4hnlichkeiten zwischen nordischen Runen und den urspr\u00fcnglichen Tamgas aus dem Nahen Osten gibt, die wiederum mit den Zodiakzeichen korrespondieren. Oder weshalb einige uralte Mythen gleichen Inhalts in verschiedenen, weit entfernten Teilen der Erde wohnen, nur in landestypischer Spielart, obwohl unserem Geschichtsunterricht nach diese Kulturen keinerlei Kontakt hatten.<br \/>\nNeben einigen \u00fcberraschenden Erkenntnissen stellte sich jedoch auch heraus, dass wir im kollektiven Unterbewusstsein teilweise Falschinformationen gespeichert haben, die urspr\u00fcnglich bestimmte Zwecke verfolgten und nun als Angst oder falsche Assoziationen ausl\u00f6sende Relikte dort schwelen. Das betrifft besonders die Saturn- und die Mondsignatur. Letztere beinhaltet vor allem das Gef\u00fchlsm\u00e4\u00dfige und das \u00bbWeibliche\u00ab an sich und somit den Umgang damit.<\/p>\n<h4>Den inneren Mond und Saturn rehabilitieren<\/h4>\n<p>Was wird heutzutage mit dem Mond oder der Schlange assoziiert? \u00bbHinter dem Mond sein\u00ab oder \u00bbMondgesicht\u00ab ist als Kompliment eher unwillkommen, \u00bbMondpreise\u00ab als Offerte noch weniger, \u00bbMontagsprodukte\u00ab m\u00f6chte man gleich gar nicht haben. Abgesehen davon, dass der Wochenbeginn eigentlich am Sonntag sein m\u00fcsste, denn der siebente Tag war urspr\u00fcnglich der heilige Sabbat\/Samstag\/Saturday (also Saturn-Tag), kommt unterbewusst die Mondsignatur allgemein heutzutage eher suboptimal daher. Woher das wirklich kommt, erf\u00e4hrt man schnell, wenn man in die Geschichte, vor allem in die der christlich r\u00f6mischen Kirche schaut; das Attribut \u00bbchristlich\u00abwill allerdings in diesem Zusammenhang nicht so richtig passen, denn die ersten Christen lebten in weiblich-m\u00e4nnlicher Harmonie. Es gab keine Dominierung oder Hierarchie, in dieser oder jener Richtung, lediglich Aufgabenverteilung nach Eignung und Interesse. So klingt auch jenes Vollmond-Gleichnis Jesus\u2018 f\u00fcr seine Maria Magdalena, im Gegensatz zu heutigen Assoziationen, eher nach einer fulminanten Liebeserkl\u00e4rung:<\/p>\n<blockquote><p>\u00bbDu bist begnadet in F\u00fclle, du bist die allselige Vollheit, die von allen Geschlechtern selig gepriesen wird.\u00ab<\/p><\/blockquote>\n<p>Johannesevangelium bzw. Pistis Sophia<\/p>\n<p>Hier leuchtet uns die g\u00f6ttliche Weiblichkeit, weltweit mythisch tradiert von der alt\u00e4gyptischen Isis, mesopotamischen Inanna\/ Ishtar, griechischen Hera und Artemis\/Diana, urkeltischen Conventina, italischen Juno, nordisch-germanischen Skadi \u2026 bis zur Jungfrau und Mutter Maria und eben Maria Magdalena \u00fcber Jahrtausende nicht nur als Gleichnis des Reinen und Weiblichen, sondern auch f\u00fcr den erleuchteten Geist entgegen. Denn die erl\u00f6ste Mondsignatur steht, wie ihre Hohepriesterinnen (die nat\u00fcrlich teils auch Venussignaturen haben), nicht nur f\u00fcr die Fruchtbarkeit, sondern auch f\u00fcr den ganzheitlich erfassenden und achtsamen, weisen Geist sowie als H\u00fcterin der Quellen und f\u00fcr Heranwachsende aller Art, zur denen so wundervolle Dinge wie schimmernde Perlen geh\u00f6ren.<\/p>\n<p>Entstehen nicht Letztere aus einem Fremdk\u00f6rper, der in die Muschel eindrang und in ihr wachsen durfte, weil sie es zulie\u00df? Also reift mit der Zeit aus Fremdem etwas besonders Wertvolles heran, wenn wir es aufnehmen und tolerieren. Was, wenn wir das nicht nur in unseren unmittelbaren Beziehungen schaffen, wo oft schon einige Mentalit\u00e4tsunterschiede und unterschiedliche Denkarten vorkommen, sondern auf Zuflucht suchende Fremde ausweiten, statt sich dar\u00fcber aufzuregen, dass das Fremde, also die potentielle Perle, etwas Platz und Nahrung nat\u00fcrlicherweise ben\u00f6tigt? Was geschieht uns, wenn wir die Perlen unserer Toleranz in die Mondsichel-Schale des urspr\u00fcnglichen, friedliebenden Islams legen? Hat nicht der Engel des Herrn, Gabriel, sowohl die Geburt Jesu, als auch den Koran verk\u00fcndet?<\/p>\n<p>Vielleicht zeigt die derzeit herrschende Vorliebe f\u00fcr die Mondfarbe Wei\u00df \u2013 besonders in der Innenarchitektur \u2013 die tief liegende Sehnsucht nach dieser Energie, die nur vom Herzen entscheidet?<br \/>\nVon Alters her steht die Perle auch f\u00fcr Metaphysisches, f\u00fcr die Sch\u00f6nheit der Seele, nach der letztlich jeder irgendwann auf die Suche geht. Und k\u00f6nnte nicht gerade diese Perlenenergie es sein, die L\u00f6sungswege f\u00fcr uns pers\u00f6nlich und gesellschaftlich weist?<\/p>\n<h4>Was z\u00e4hlt an der finalen Waage wirklich?<\/h4>\n<p>Die Zust\u00e4nde, die in unserer Welt teilweise herrschen, zeigen jedenfalls, dass Paradigmenwechsel offensichtlich Not-wendig sind, in diesem Fall w\u00e4re es eigentlich ein \u00bbback to basic\u00ab, besinnen auf die ewigen Quellen.<br \/>\nDass dies selbstverst\u00e4ndlich nicht nur f\u00fcr das Weibliche zutrifft, zeigt uns das Ursymbol von Yin und Yang, denn in jedem M\u00e4nnlichen steckt etwas Weibliches und umgekehrt. Es ist auch sonst kein so weiter Weg von ISIS zu IHS\/JESUS, auch wenn einige Machtmenschen der Kirche ihren Sch\u00e4fchen das Gegenteil eindringlichst weismachen wollten und alles Weibliche sowie verd\u00e4chtig Pagane verunglimpften. Schon beim S\u00fcndenfall \u2013 was genau fiel da nochmal(?), die S\u00fcnde (?) \u2013 war das Weibliche in der \u00dcberzahl und nat\u00fcrlich hauptschuldig, voran die \u00bbfalsche Schlange\u00ab. Auch so ein mutwillig negativ gepr\u00e4gter Ausdruck, f\u00fcr jenes elegante, zur\u00fcckhaltende Wesen, welches mit seinem nahen Verwandten, dem Drachen, das Saturntier schlechthin ist. Der ambivalente Saturn ist mit seinem geheimnisvollen Engel Oriphiel ebenso H\u00fcter der Natur, wie er als Chronos die Zeit regiert und als mystischer Beherrscher der Magie gilt. Totensch\u00e4del und Sense sind weitere schaurig sch\u00f6ne Symbole seiner Signatur. Auch seine Hauptfarbe Schwarz wird hierzulande bedenkenlos negativ assoziiert, es sei denn, das kleine Schwarze oder die auf Hochglanz polierte Limousine ist teuer und sexy genug. (Allerdings sollten nur Saturngeborene Schwarz tragen.)<\/p>\n<p>Dabei wird vergessen, dass Saturn der erste K\u00f6nig war, dessen Reich im goldenen Zeitalter keine restriktiven, benachteiligenden Standesunterschiede kannte, was in den so genannten Saturnalien noch durchblitzt. Bei der Abl\u00f6se der Herrschaft an seinen Sohn Jupiter, \u00fcbergab er ihm vor allem \u00bbdie Ma\u00dfe\u00ab, was bei jeder Konjunktion nachgeeicht wird, die ca. alle 800 Jahre stattfindet und fast immer bedeutenden Ereignissen vorausging, so auch vor der Geburt Jesu\u2018. War die viel bekanntere Legende, dass Saturn seine Kinder angeblich fra\u00df, wirklich nur ein Interpretationsfehler?<\/p>\n<p>Einige Mythen erz\u00e4hlen noch von seiner Heldentat, den Menschen das Feuer \u2013 die Erleuchtung \u2013 (das Sammeln von Wissen zur Weisheit) gebracht zu haben. Bei den Ureinwohnern der Nord-Pazifischen K\u00fcste Amerikas, dem Stamm der Catlo&#8217;Itq, vollbringt er dies als listiger Hirsch, wobei er mit Gesang und Tanz die Tochter jenes Mannes, der das Feuer auf einer einsamen Insel versteckt, so beeindruckt, dass er nah genug heran kommt, um schlau die eigens angefertigte, t\u00f6dliche Schnappt\u00fcr zu \u00fcberwinden. Mit seinem Fell, das voller harziger Sp\u00e4ne vom Bau seines provisorischen Flo\u00dfes ist, f\u00e4ngt er genug Glut ein, die er den Menschen bringt1. Wir kennen den Mythos \u00e4hnlich von Prometheus, der ebenfalls eine Erscheinungsform des Saturn verk\u00f6rpert.<\/p>\n<p>Weitere Informationen k\u00f6nnen Sie in dem Buch \u00bbSieben Portale zum Ursprung der Liebe\u00ab bekommen, einer Melange von Fachbuch und Roman, herausgegeben von ArtHouse39 (Art, Design, Hypnose, Reiki &#8230;)\/ Ina Schindler als Teil eines Kunst- und Forschungsprojektes, Autor: Ian Mondrac, sowie auf der Webseite: 7portale.arthouse39.de\/<\/p>\n","protected":false},"excerpt":{"rendered":"<p>Kosmische Signaturen f\u00fcr die Seele Nun verf\u00fcgen wir als aufgekl\u00e4rte Menschen des 21. Jh. \u00fcber Bildung und Informationsm\u00f6glichkeiten, von denen man in vergangenen Jahrhunderten als Nichthochwohlgeborener nur zu tr\u00e4umen wagte; doch wenn es darauf ankommt, versuchen wir verzweifelt durch die feinen, wachsenden Risse jenes Betons zu schauen, den gewisse Herrscher, Inquisition und die so genannte &hellip; <\/p>\n<p class=\"link-more\"><a href=\"https:\/\/www.arthouse39.de\/7portale\/7-portale-signaturen\/kosmische-signaturen-fachtext\/\" class=\"more-link\"><span class=\"screen-reader-text\">\u201eKosmische Signaturen | Fachtext\u201c<\/span> weiterlesen<\/a><\/p>\n","protected":false},"author":1,"featured_media":0,"parent":18,"menu_order":0,"comment_status":"closed","ping_status":"closed","template":"","meta":[],"_links":{"self":[{"href":"https:\/\/www.arthouse39.de\/7portale\/wp-json\/wp\/v2\/pages\/764"}],"collection":[{"href":"https:\/\/www.arthouse39.de\/7portale\/wp-json\/wp\/v2\/pages"}],"about":[{"href":"https:\/\/www.arthouse39.de\/7portale\/wp-json\/wp\/v2\/types\/page"}],"author":[{"embeddable":true,"href":"https:\/\/www.arthouse39.de\/7portale\/wp-json\/wp\/v2\/users\/1"}],"replies":[{"embeddable":true,"href":"https:\/\/www.arthouse39.de\/7portale\/wp-json\/wp\/v2\/comments?post=764"}],"version-history":[{"count":5,"href":"https:\/\/www.arthouse39.de\/7portale\/wp-json\/wp\/v2\/pages\/764\/revisions"}],"predecessor-version":[{"id":770,"href":"https:\/\/www.arthouse39.de\/7portale\/wp-json\/wp\/v2\/pages\/764\/revisions\/770"}],"up":[{"embeddable":true,"href":"https:\/\/www.arthouse39.de\/7portale\/wp-json\/wp\/v2\/pages\/18"}],"wp:attachment":[{"href":"https:\/\/www.arthouse39.de\/7portale\/wp-json\/wp\/v2\/media?parent=764"}],"curies":[{"name":"wp","href":"https:\/\/api.w.org\/{rel}","templated":true}]}}