{"id":81,"date":"2017-10-15T21:08:36","date_gmt":"2017-10-15T19:08:36","guid":{"rendered":"http:\/\/www.arthouse39.de\/wprojekte\/buch\/?page_id=81"},"modified":"2017-12-22T13:45:10","modified_gmt":"2017-12-22T12:45:10","slug":"symbole-tamgas","status":"publish","type":"page","link":"https:\/\/www.arthouse39.de\/7portale\/symbole-tamgas\/","title":{"rendered":"Symbole\/ Tamgas"},"content":{"rendered":"<p>Wie eingangs erw\u00e4hnt, stellten sich bei den Recherchen interessante Fragen auf: z.B. Warum haben Tamgas und Runen so gro\u00dfe \u00c4hnlichkeit und was haben sie mit der glagolithischen Schrift und den ebenso teilweise kryptischen etruskischen Schriftzeichen zu tun?<br \/>\nDen meisten wird sich zun\u00e4chst die Frage stellen, was \u00fcberhaupt Tamgas sind.<br \/>\nEs sind urspr\u00fcnglich magische und sakrale sowie teils k\u00f6nigliche bzw. hohepriesterliche Zeichen, die demzufolge auch f\u00fcr magische Schriften, Spr\u00fcche, Praktiken und Divinationen im Orient (vor allem sarmatische St\u00e4mme) und s\u00fcd\u00f6stlichen Asien, dem Gebiet der heutigen T\u00fcrkei und um den Kaukasus verwendet wurden. Vor allem sind die sarmatischen Tamgas\u00a0interessant, die u. a. mit den Zodiakzeichen ebenfalls \u00c4hnlichkeit aufweisen und in Zusammenhang stehen, deren Herkunft bisher als ungekl\u00e4rt gilt.<\/p>\n<p><span style=\"font-size: 12px;\">Wer sich daf\u00fcr interessiert, kann sich die im Buch ebenfalls erw\u00e4hnte Schrift von Helmut Nickel: &#8222;Tamgas and Runes, Magic Numbers and Magic Symbols&#8220; hier <a href=\"https:\/\/www.jstor.org\/stable\/1512677?Search=yes&amp;resultItemClick=true&amp;searchText=tamgas&amp;searchText=and&amp;searchText=runes,&amp;searchText=magic&amp;searchText=numbers&amp;searchUri=%2Faction%2FdoBasicSearch%3Ffilter%3D%26amp%3BQuery%3Dtamgas%2Band%2Brunes%252C%2Bmagic%2Bnumbers&amp;refreqid=search%3Aa19644d228c4f88dee6c09082076848e&amp;seq=1#page_scan_tab_contents\" target=\"_blank\" rel=\"noopener\">(<\/a><a href=\"https:\/\/www.jstor.org\/stable\/1512677?Search=yes&amp;resultItemClick=true&amp;searchText=tamgas&amp;searchText=and&amp;searchText=runes,&amp;searchText=magic&amp;searchText=numbers&amp;searchUri=%2Faction%2FdoBasicSearch%3Ffilter%3D%26amp%3BQuery%3Dtamgas%2Band%2Brunes%252C%2Bmagic%2Bnumbers&amp;refreqid=search%3Aa19644d228c4f88dee6c09082076848e&amp;seq=1#page_scan_tab_contents\" target=\"_blank\" rel=\"noopener\">externer Link<\/a><a href=\"https:\/\/www.jstor.org\/stable\/1512677?Search=yes&amp;resultItemClick=true&amp;searchText=tamgas&amp;searchText=and&amp;searchText=runes,&amp;searchText=magic&amp;searchText=numbers&amp;searchUri=%2Faction%2FdoBasicSearch%3Ffilter%3D%26amp%3BQuery%3Dtamgas%2Band%2Brunes%252C%2Bmagic%2Bnumbers&amp;refreqid=search%3Aa19644d228c4f88dee6c09082076848e&amp;seq=1#page_scan_tab_contents\" target=\"_blank\" rel=\"noopener\">) ansehen bzw. sie erwerben.\u00a0<\/a><\/span><\/p>\n<p>Die beiden sarmatischen Hauptzeichen-Tamgas sind im folgenden Foto abgebildet, welches das Tamga des Tiberius Julius Eupator zeigt, eines K\u00f6nigs aus dem Bosporus.<br \/>\nDas Tamga des K\u00f6nigs (zwischen den beiden Nikes) ist also aus den beiden Hauptzeichen-Tamgas (in der Mitte) zusammen gesetzt, wobei das obere mit den sich kreuzenden Elementen der Zahl 9 und dem Zodiak-Zeichen des Sch\u00fctzen <a href=\"https:\/\/www.arthouse39.de\/7portale\/wp-content\/uploads\/2017\/10\/145px-Sagittarius.svg_.png\"><img decoding=\"async\" loading=\"lazy\" class=\"alignnone size-full wp-image-226\" src=\"https:\/\/www.arthouse39.de\/7portale\/wp-content\/uploads\/2017\/10\/145px-Sagittarius.svg_.png\" alt=\"sch\u00fctze symbol\" width=\"22\" height=\"22\" srcset=\"https:\/\/www.arthouse39.de\/7portale\/wp-content\/uploads\/2017\/10\/145px-Sagittarius.svg_.png 145w, https:\/\/www.arthouse39.de\/7portale\/wp-content\/uploads\/2017\/10\/145px-Sagittarius.svg_-100x100.png 100w\" sizes=\"(max-width: 22px) 100vw, 22px\" \/><\/a>Inhaltliche Quelle siehe obiger Link) entspricht, das untere, das an einen Thron oder Zaun erinnert, entspricht numerisch der 1 und dem Zodiak-Zeichen des Widders \/ Aries <a href=\"https:\/\/www.arthouse39.de\/7portale\/wp-content\/uploads\/2017\/10\/153px-Aries.svg_.png\"><img decoding=\"async\" loading=\"lazy\" class=\"alignnone size-full wp-image-227\" src=\"https:\/\/www.arthouse39.de\/7portale\/wp-content\/uploads\/2017\/10\/153px-Aries.svg_.png\" alt=\"\" width=\"22\" height=\"22\" srcset=\"https:\/\/www.arthouse39.de\/7portale\/wp-content\/uploads\/2017\/10\/153px-Aries.svg_.png 153w, https:\/\/www.arthouse39.de\/7portale\/wp-content\/uploads\/2017\/10\/153px-Aries.svg_-150x145.png 150w, https:\/\/www.arthouse39.de\/7portale\/wp-content\/uploads\/2017\/10\/153px-Aries.svg_-100x100.png 100w\" sizes=\"(max-width: 22px) 100vw, 22px\" \/><\/a>.<br \/>\n<img decoding=\"async\" loading=\"lazy\" class=\"alignnone size-full wp-image-122\" src=\"https:\/\/www.arthouse39.de\/7portale\/wp-content\/uploads\/2017\/10\/Tamga_of_Tiberius_Julius_Eupator.jpg\" alt=\"\" width=\"366\" height=\"301\" srcset=\"https:\/\/www.arthouse39.de\/7portale\/wp-content\/uploads\/2017\/10\/Tamga_of_Tiberius_Julius_Eupator.jpg 366w, https:\/\/www.arthouse39.de\/7portale\/wp-content\/uploads\/2017\/10\/Tamga_of_Tiberius_Julius_Eupator-300x247.jpg 300w\" sizes=\"(max-width: 366px) 100vw, 366px\" \/><br \/>\n<span class=\"qu\">Quelle: By Brigade Piron (Own work) [CC BY-SA 3.0 (https:\/\/creativecommons.org\/licenses\/by-sa\/3.0)], via Wikimedia Commons<\/span><\/p>\n<p><span style=\"font-size: 1rem;\">Die beiden Hauptzeichen \u00a0scheinen au\u00dferdem einen gewissen Bezug zur alt\u00e4gyptischen Symbolik \u00a0von Isis und Osiris zu haben, insbesondere deren Armhaltung incl. der Artefakte in den H\u00e4nden.<\/span><br \/>\n<a title=\"By No machine-readable author provided. Kaveh assumed (based on copyright claims). [CC BY-SA 2.5 (https:\/\/creativecommons.org\/licenses\/by-sa\/2.5)], via Wikimedia Commons\" href=\"https:\/\/commons.wikimedia.org\/wiki\/File%3ATut_coffinette.jpg\" target=\"_blank\" rel=\"noopener\"><img fetchpriority=\"high\" decoding=\"async\" width=\"256\" alt=\"Tut coffinette\" src=\"https:\/\/upload.wikimedia.org\/wikipedia\/commons\/thumb\/7\/7c\/Tut_coffinette.jpg\/256px-Tut_coffinette.jpg\"\/><\/a><br \/>\n<span class=\"qu\">Quellenangabe: By No machine-readable author provided. Kaveh assumed (based on copyright claims). [CC BY-SA 2.5 (https:\/\/creativecommons.org\/licenses\/by-sa\/2.5)], via Wikimedia Commons <a href=\"https:\/\/commons.wikimedia.org\/wiki\/File%3ATut_coffinette.jpg\" rel=\"noopener\" target=\"_blank\">Bildlink<\/a><\/span><br \/>\nHier unten ist ein Isis-Horus-Amulett zu sehen, man beachte die Kombination Scho\u00df und K\u00f6nigssohn und diese Formensprache, die abstrahiert \u00a0die Kombination der Hauptzeichen ergibt:<br \/>\n<img decoding=\"async\" loading=\"lazy\" class=\"size-full wp-image-127 aligncenter\" src=\"https:\/\/www.arthouse39.de\/7portale\/wp-content\/uploads\/2017\/10\/Isis_and_Horus_Amulet_MET_89.2.362_acc.jpg\" alt=\"\" width=\"217\" height=\"535\" srcset=\"https:\/\/www.arthouse39.de\/7portale\/wp-content\/uploads\/2017\/10\/Isis_and_Horus_Amulet_MET_89.2.362_acc.jpg 217w, https:\/\/www.arthouse39.de\/7portale\/wp-content\/uploads\/2017\/10\/Isis_and_Horus_Amulet_MET_89.2.362_acc-122x300.jpg 122w\" sizes=\"(max-width: 217px) 100vw, 217px\" \/><br \/>\n<span class=\"qu\"><a href=\"https:\/\/commons.wikimedia.org\/wiki\/Category:Isis_amulets?uselang=de#\/media\/File:Isis_and_Horus_Amulet_MET_89.2.362_acc.jpg\" target=\"_blank\" rel=\"noopener\">Quelle: Wikipedia und Metropolitan Museum of Art Lizenz CC0<\/a><\/span><br \/>\nDer numerische Wert dieser beiden Hauptzeichen ist also 1 und 9 und beide zusammen haben eine ganz besondere Bedeutung sowie Wirkung.<br \/>\nVor Jahren erhielt ich eine sehr interessante Schrift zur magischen Neunzehn, die ein regelrechter Code f\u00fcr Leben ist, wie im Buch im Kapitel: &#8222;Code 19&#8220; auszugsweise zu lesen ist. Wieder so ein Zufall.<\/p>\n<p>Nur wenige wussten mit den magischen Zeichen wie Runen und Tamgas umzugehen, denn dies war Geheimwissen und nur Eingeweihten vorbehalten.<br \/>\nAllerdings ging dieses Wissen nach und nach verloren und so kam es, dass Tamgas zu gew\u00f6hnlichen Besitzermarken &#8211; z.B. Brandmarken f\u00fcr Weidetiere &#8211; degradiert wurden, die es noch heute teilweise gibt.<\/p>\n<p>Sie waren auch die Vorl\u00e4ufer f\u00fcr die heute noch sichtbaren Hauszeichen, die sich in Europa &#8211; ebenso als Besitzer oder Bauherrenzeichen &#8211; verbreiteten.<br \/>\n<img decoding=\"async\" loading=\"lazy\" class=\"alignnone size-full wp-image-131\" src=\"https:\/\/www.arthouse39.de\/7portale\/wp-content\/uploads\/2017\/10\/218px-Vitt-R\u00fcgen-110510-051.jpg\" alt=\"\" width=\"218\" height=\"145\" \/><br \/>\n<span class=\"qu\">Von <a title=\"User:Chron-Paul\" href=\"\/\/commons.wikimedia.org\/wiki\/User:Chron-Paul\">Chron-Paul<\/a> &#8211; <span class=\"int-own-work\" lang=\"de\">Eigenes Werk<\/span>, <a title=\"Creative Commons Attribution-Share Alike 4.0\" href=\"https:\/\/creativecommons.org\/licenses\/by-sa\/4.0\" target=\"_blank\" rel=\"noopener\">CC-BY-SA 4.0<\/a>, <a href=\"https:\/\/commons.wikimedia.org\/w\/index.php?curid=34174370\" target=\"_blank\" rel=\"noopener\">Link<\/a><\/span><br \/>\nInteressant ist auch die Verbreitung und das prominente Vorkommen in Europ\u00e4ischen Adelswappen, vor in <a href=\"https:\/\/de.wikipedia.org\/wiki\/Liste_der_polnischen_Wappengemeinschaften\" target=\"_blank\" rel=\"noopener\">polnischen<\/a>, ungarischen, allgemein slavischen bis zu germanischen und fr\u00e4nkischen &#8230;<br \/>\nDer Hahn auf den Kircht\u00fcrmen ist ebenfalls aus einem der sarmatischen Hauptzeichen und den nachfolgenden iranischen Hahnenstandarten entstanden.<br \/>\nAuch der gallische Hahn, heute noch bekanntes Symbol in Frankreich, hielt so seinen Einzug in die europ\u00e4ische Heraldik.<\/p>\n<figure id=\"attachment_228\" aria-describedby=\"caption-attachment-228\" style=\"width: 168px\" class=\"wp-caption alignright\"><a href=\"https:\/\/www.arthouse39.de\/7portale\/wp-content\/uploads\/2017\/10\/269px-Abraxas_Nordisk_familjebok.png\"><img decoding=\"async\" loading=\"lazy\" class=\"wp-image-228 size-medium\" src=\"https:\/\/www.arthouse39.de\/7portale\/wp-content\/uploads\/2017\/10\/269px-Abraxas_Nordisk_familjebok-168x300.png\" alt=\"\" width=\"168\" height=\"300\" srcset=\"https:\/\/www.arthouse39.de\/7portale\/wp-content\/uploads\/2017\/10\/269px-Abraxas_Nordisk_familjebok-168x300.png 168w, https:\/\/www.arthouse39.de\/7portale\/wp-content\/uploads\/2017\/10\/269px-Abraxas_Nordisk_familjebok.png 269w\" sizes=\"(max-width: 168px) 100vw, 168px\" \/><\/a><figcaption id=\"caption-attachment-228\" class=\"wp-caption-text\">Abraxas, gemeinfrei, Wiki<\/figcaption><\/figure>\n<p>Dabei ist nicht auszuschlie\u00dfen, dass auch die mystische Symbolik des <em>Abraxas<\/em> eine Rolle spielte, die inhaltlich mit dem &#8222;erh\u00f6hten&#8220; Hahn (siehe Kirchturm, Wappen &#8230;) korrespondiert. Der Kopf des Hahnes steht dabei f\u00fcr die weise Vorsehung (Phronesis), kluge Vorausschau bis zur Prophetie &#8230;, wie auch u. a. im Buch erw\u00e4hnt. Die schlangenartigen unteren Gliedma\u00dfen stehen in<span style=\"font-size: 1rem;\">teressanterweise hierbei (noch) f\u00fcr den Geist, Logos und Wort, die Peitsche (o. Flagellum bzw. Gei\u00dfel, manch<\/span><span style=\"font-size: 1rem;\">m<\/span><span style=\"font-size: 1rem;\">al ist es ein anderes Herrschaftszeich<\/span><span style=\"font-size: 1rem;\">en) dient der Vertreibung unwillkommener Geister (D\u00e4monen) und der Schild, der manchmal ein Kranz oder ein Mond ist, symbolisiert den (erleuchteten) Geist.<\/span><\/p>\n<p>Auf Steinen und Talismanen wurde Abraxas gern zur Vertreibung b\u00f6ser Geister genutzt und da er au\u00dferdem die Wiedergeburt und das aufkommende Licht (auch Tagesbeginn) symbolisiert, zur Erneuerung und f\u00fcr einen guten Neubeginn.<\/p>\n<p>Er kann dabei allerdings auch eine Sie sein, es gab beide Zuordnungen der Allegorie, die auch f\u00fcr die Magie und bei den Gnostikern f\u00fcr den Gottesbegriff stand.<\/p>\n<p>Wie die Schlange auch, wurde er von sp\u00e4teren Christen zun\u00e4chst ambivalent (hinsichtlich &#8222;Himmel und H\u00f6lle&#8220;) gesehen, um dann in der satanischen Schublade (der betreffenden Christen) zu enden.<\/p>\n<p><a class=\"qu\" href=\"https:\/\/commons.wikimedia.org\/w\/index.php?curid=388090\" target=\"_blanc\" rel=\"noopener\">Abraxas, gemeinfrei, Wiki<\/a><\/p>\n<h2 id=\"mond\">Mond Symbolik<\/h2>\n<p>Die besondere Bedeutung der Tamgas blieb jedoch in bestimmten Symbolen erhalten, wie in der Mondsichel, die noch heute u. a. ein Symbol des Islam ist.<\/p>\n<p>Das sarmatische und auch aus Indien bekannte Mondh\u00fcgelzeichen &#8211; wahrscheinlich Vorl\u00e4ufer dieses Zeichens &#8211; hat den numerischen Wert der Sieben.<br \/>\nEs ist dargestellt mit einer nach oben ge\u00f6ffneten Mondsichel auf einem entweder runden H\u00fcgel oder auch eckigen Thron bzw. Altar.<a href=\"https:\/\/www.arthouse39.de\/7portale\/wp-content\/uploads\/2017\/10\/mondhuegelzeichen.png\"><img decoding=\"async\" loading=\"lazy\" class=\"alignright wp-image-234 size-full\" style=\"margin-right: 27px;\" src=\"https:\/\/www.arthouse39.de\/7portale\/wp-content\/uploads\/2017\/10\/mondhuegelzeichen.png\" alt=\"Mondhuegelzeichen, Tamga\" width=\"47\" height=\"44\" \/><\/a><\/p>\n<p>Die schmale Neumondsichel soll die neu aufleuchtende Hoffnung auf das Licht symbolisieren, das wiederum f\u00fcr die G\u00f6ttlichkeit und den Frieden steht.<br \/>\nAu\u00dferdem war der Mond schon seit Urzeiten Symbol des Weiblichen.<br \/>\nSo beispielsweise geh\u00f6rte er zu Isis, Artemis, alias Diana, alias Skadi (nordisch, geman.), der die selbstbewussten und teils kriegerischen Jungfrauen bzw. Frauen sch\u00fctzt. Nat\u00fcrlich steht er bekannterma\u00dfen f\u00fcr die Mutter Maria und allgemein das M\u00fctterliche, Besch\u00fctzende.<br \/>\nDa der Mond jedoch ebenso f\u00fcr das Geistige steht, ist er nat\u00fcrlich auch das Symbol der Athene, der Kopfgeburt des Zeus, die nicht nur f\u00fcr eine geniale Strategie des K\u00e4mpfens steht, sondern auch f\u00fcr die K\u00fcnste und Wissenschaften.<br \/>\nNimue bzw. Viviane, die Wei\u00dfe, auch urkeltisch: Conventina, ist ebenso wie die bereits erw\u00e4hnten ber\u00fchmten mythischen Frauen, die H\u00fcterin der Quellen und der Natur sowie des Wissens, insbesondere das der Bibliotheken. Sie ist die Sch\u00fclerin und Geliebte Merlins, die ihn in ihr Schloss aus Luft und Liebe rettet.<\/p>\n<p>Im derzeit als \u00e4ltesten bekannten Tempel, G\u00f6belki Tepe (S\u00fcdt\u00fcrkei) wurden ebenfalls mehrere Mondsymbole gefunden, die offensichtlich kultischen, heiligen Charakter hatten.<\/p>\n<p>Lange Zeit vor der Entdeckung der Korrespondenz meines Manuskriptes mit der Offenbarung 12 (Joh.) notierte ich mir Folgendes:<br \/>\nDie auf dem Mond stehende, mit 12 Sternen umkr\u00e4nzte Frau ist nicht nur mit der Mutter Marias, sondern vor allem mit Maria Magdalena zu assoziieren. Ebenso der Vollmond, denn<br \/>\ndas Johannesevangelium bzw. Pistis Sophia zitiert dazu Jesus:<\/p>\n<blockquote><p>&#8222;Du bist begnadet in F\u00fclle, du bist die allselige Vollheit, die von allen Geschlechtern selig gepriesen wird.&#8220;<\/p><\/blockquote>\n<p>Da der Mond gleichzeitig auch f\u00fcr die Fruchtbarkeit und somit Geburt usw. steht, lassen sich weitere Assoziationen zur &#8222;allseligen Vollheit&#8220; kaum vermeiden, ein Sakrileg, dass die Kirche vehement bek\u00e4mpfte. Oder deutet sich hier ein weiterer Verweis auf die Geburt einer neuen \u00c4ra, propheziehen in der Offenbarung 12 durch die dort erw\u00e4hnte Geburt des Kindes (<a href=\"http:\/\/www.arthouse39.de\/wprojekte\/buch\/prophezeiung\/\">siehe Off. 12 Joh<\/a>) an? Vielleicht beides?<\/p>\n","protected":false},"excerpt":{"rendered":"<p>Wie eingangs erw\u00e4hnt, stellten sich bei den Recherchen interessante Fragen auf: z.B. Warum haben Tamgas und Runen so gro\u00dfe \u00c4hnlichkeit und was haben sie mit der glagolithischen Schrift und den ebenso teilweise kryptischen etruskischen Schriftzeichen zu tun? Den meisten wird sich zun\u00e4chst die Frage stellen, was \u00fcberhaupt Tamgas sind. Es sind urspr\u00fcnglich magische und sakrale &hellip; <\/p>\n<p class=\"link-more\"><a href=\"https:\/\/www.arthouse39.de\/7portale\/symbole-tamgas\/\" class=\"more-link\"><span class=\"screen-reader-text\">\u201eSymbole\/ Tamgas\u201c<\/span> weiterlesen<\/a><\/p>\n","protected":false},"author":1,"featured_media":0,"parent":0,"menu_order":0,"comment_status":"closed","ping_status":"closed","template":"","meta":[],"_links":{"self":[{"href":"https:\/\/www.arthouse39.de\/7portale\/wp-json\/wp\/v2\/pages\/81"}],"collection":[{"href":"https:\/\/www.arthouse39.de\/7portale\/wp-json\/wp\/v2\/pages"}],"about":[{"href":"https:\/\/www.arthouse39.de\/7portale\/wp-json\/wp\/v2\/types\/page"}],"author":[{"embeddable":true,"href":"https:\/\/www.arthouse39.de\/7portale\/wp-json\/wp\/v2\/users\/1"}],"replies":[{"embeddable":true,"href":"https:\/\/www.arthouse39.de\/7portale\/wp-json\/wp\/v2\/comments?post=81"}],"version-history":[{"count":6,"href":"https:\/\/www.arthouse39.de\/7portale\/wp-json\/wp\/v2\/pages\/81\/revisions"}],"predecessor-version":[{"id":365,"href":"https:\/\/www.arthouse39.de\/7portale\/wp-json\/wp\/v2\/pages\/81\/revisions\/365"}],"wp:attachment":[{"href":"https:\/\/www.arthouse39.de\/7portale\/wp-json\/wp\/v2\/media?parent=81"}],"curies":[{"name":"wp","href":"https:\/\/api.w.org\/{rel}","templated":true}]}}